{"id":106,"date":"2021-07-08T07:12:24","date_gmt":"2021-07-08T07:12:24","guid":{"rendered":"https:\/\/cardan.bolvosites.com\/?page_id=106"},"modified":"2025-08-18T20:47:13","modified_gmt":"2025-08-18T17:47:13","slug":"hizmetlerimiz","status":"publish","type":"page","link":"https:\/\/nazarturbodizel.com\/index.php\/hizmetlerimiz\/","title":{"rendered":"Hizmetlerimiz"},"content":{"rendered":"\t\t<div data-elementor-type=\"wp-page\" data-elementor-id=\"106\" class=\"elementor elementor-106\">\n\t\t\t\t\t\t<section class=\"elementor-section elementor-top-section elementor-element elementor-element-89a5624 elementor-section-full_width elementor-section-height-default elementor-section-height-default\" data-id=\"89a5624\" data-element_type=\"section\">\n\t\t\t\t\t\t<div class=\"elementor-container elementor-column-gap-default\">\n\t\t\t\t\t<div class=\"elementor-column elementor-col-100 elementor-top-column elementor-element elementor-element-292f06a\" data-id=\"292f06a\" data-element_type=\"column\">\n\t\t\t<div class=\"elementor-widget-wrap elementor-element-populated\">\n\t\t\t\t\t\t<div class=\"elementor-element elementor-element-10e2403 elementor-widget elementor-widget-ucaddon_servicegrids\" data-id=\"10e2403\" data-element_type=\"widget\" data-widget_type=\"ucaddon_servicegrids.default\">\n\t\t\t\t<div class=\"elementor-widget-container\">\n\t\t\t\t\t\n<!-- start Service Grids -->\n\n<div class=\"page-content\">\n  \n  <div class=\"uk-section-large uk-container\">\n    <div class=\"uk-grid uk-grid-medium uk-child-width-1-2@s uk-child-width-1-3@m\" data-uk-grid>\n      <div>\n  <div class=\"service-item\">\n    <div class=\"service-item__media uk-inline-clip uk-transition-toggle uk-light\">\n      <a href=\"\">\n        <img decoding=\"async\" src=\"https:\/\/nazarturbodizel.com\/wp-content\/uploads\/2025\/08\/otoparkcom_turbo.jpg\" alt=\"otoparkcom_turbo\" \/>\n        <div class=\"uk-transition-fade uk-position-cover uk-overlay uk-overlay-primary uk-flex uk-flex-center uk-flex-middle\">\n          <span data-uk-icon=\"icon: plus; ratio: 2\"><\/span>\n        <\/div>\n      <\/a>\n    <\/div>\n    <div class=\"service-item__info\">\n      <div>\n        <div class=\"service-item__title\">Turbo Tamiri<\/div>\n        <div class=\"service-item__price\">Afyon\u2019da turbo enjekt\u00f6r pompa servisi ve turbo tamiri hizmetleri. Uzman ekiple kaliteli, garantili onar\u0131m ve bak\u0131m \u00e7\u00f6z\u00fcmleri. H\u0131zl\u0131 servis,\u00a0uygun\u00a0fiyat!<\/div>\n      <\/div>\n      <div><a class=\"service-item__icon\" href=\"\" data-uk-icon=\"triangle-right\"><\/a><\/div>\n    <\/div>\n  <\/div>\n<\/div>\n<div>\n  <div class=\"service-item\">\n    <div class=\"service-item__media uk-inline-clip uk-transition-toggle uk-light\">\n      <a href=\"\">\n        <img decoding=\"async\" src=\"https:\/\/nazarturbodizel.com\/wp-content\/uploads\/2025\/08\/unnamed.jpg\" alt=\"unnamed\" \/>\n        <div class=\"uk-transition-fade uk-position-cover uk-overlay uk-overlay-primary uk-flex uk-flex-center uk-flex-middle\">\n          <span data-uk-icon=\"icon: plus; ratio: 2\"><\/span>\n        <\/div>\n      <\/a>\n    <\/div>\n    <div class=\"service-item__info\">\n      <div>\n        <div class=\"service-item__title\">Dizel enjekt\u00f6r tamiri <\/div>\n        <div class=\"service-item__price\">Afyon\u2019da turbo enjekt\u00f6r pompa servisi ve turbo tamiri hizmetleri. Uzman ekiple kaliteli, garantili onar\u0131m ve bak\u0131m \u00e7\u00f6z\u00fcmleri. H\u0131zl\u0131 servis,\u00a0uygun\u00a0fiyat!<\/div>\n      <\/div>\n      <div><a class=\"service-item__icon\" href=\"\" data-uk-icon=\"triangle-right\"><\/a><\/div>\n    <\/div>\n  <\/div>\n<\/div>\n<div>\n  <div class=\"service-item\">\n    <div class=\"service-item__media uk-inline-clip uk-transition-toggle uk-light\">\n      <a href=\"\">\n        <img decoding=\"async\" src=\"https:\/\/nazarturbodizel.com\/wp-content\/uploads\/2025\/08\/Turbo-revizyon.jpg\" alt=\"Turbo revizyon\" \/>\n        <div class=\"uk-transition-fade uk-position-cover uk-overlay uk-overlay-primary uk-flex uk-flex-center uk-flex-middle\">\n          <span data-uk-icon=\"icon: plus; ratio: 2\"><\/span>\n        <\/div>\n      <\/a>\n    <\/div>\n    <div class=\"service-item__info\">\n      <div>\n        <div class=\"service-item__title\">Turbo revizyon<\/div>\n        <div class=\"service-item__price\">Afyon\u2019da turbo enjekt\u00f6r pompa servisi ve turbo tamiri hizmetleri. Uzman ekiple kaliteli, garantili onar\u0131m ve bak\u0131m \u00e7\u00f6z\u00fcmleri. H\u0131zl\u0131 servis,\u00a0uygun\u00a0fiyat!<\/div>\n      <\/div>\n      <div><a class=\"service-item__icon\" href=\"\" data-uk-icon=\"triangle-right\"><\/a><\/div>\n    <\/div>\n  <\/div>\n<\/div>\n\n    <\/div>\n  <\/div>\n<\/div>\n<!-- end Service Grids -->\t\t\t\t<\/div>\n\t\t\t\t<\/div>\n\t\t\t\t\t<\/div>\n\t\t<\/div>\n\t\t\t\t\t<\/div>\n\t\t<\/section>\n\t\t<div class=\"elementor-element elementor-element-301897e e-con-full e-flex e-con e-parent\" data-id=\"301897e\" data-element_type=\"container\">\n\t\t\t\t<div class=\"elementor-element elementor-element-bfa1b5f elementor-widget elementor-widget-video\" data-id=\"bfa1b5f\" data-element_type=\"widget\" data-settings=\"{&quot;video_type&quot;:&quot;hosted&quot;,&quot;autoplay&quot;:&quot;yes&quot;,&quot;play_on_mobile&quot;:&quot;yes&quot;,&quot;loop&quot;:&quot;yes&quot;,&quot;controls&quot;:&quot;yes&quot;}\" data-widget_type=\"video.default\">\n\t\t\t\t\t\t\t<div class=\"e-hosted-video elementor-wrapper elementor-open-inline\">\n\t\t\t\t\t<video class=\"elementor-video\" src=\"http:\/\/nazarturbodizel.com\/wp-content\/uploads\/2025\/08\/NAZAR.mp4\" autoplay=\"\" loop=\"\" controls=\"\" playsinline=\"\" controlsList=\"nodownload\" poster=\"http:\/\/nazarturbodizel.com\/wp-content\/uploads\/2025\/08\/logonazar.jpg\"><\/video>\n\t\t\t\t<\/div>\n\t\t\t\t\t\t<\/div>\n\t\t\t\t<\/div>\n\t\t\t\t<\/div>\n\t\t","protected":false},"excerpt":{"rendered":"<p>Turbo Tamiri Afyon\u2019da turbo enjekt\u00f6r pompa servisi ve turbo tamiri hizmetleri. Uzman ekiple kaliteli, garantili onar\u0131m ve bak\u0131m \u00e7\u00f6z\u00fcmleri. H\u0131zl\u0131 servis,\u00a0uygun\u00a0fiyat! Dizel enjekt\u00f6r tamiri Afyon\u2019da turbo enjekt\u00f6r pompa servisi ve turbo tamiri hizmetleri. Uzman ekiple kaliteli, garantili onar\u0131m ve bak\u0131m \u00e7\u00f6z\u00fcmleri. H\u0131zl\u0131 servis,\u00a0uygun\u00a0fiyat! Turbo revizyon Afyon\u2019da turbo enjekt\u00f6r pompa servisi ve turbo tamiri hizmetleri. Uzman&hellip;<\/p>\n","protected":false},"author":1,"featured_media":0,"parent":0,"menu_order":0,"comment_status":"closed","ping_status":"closed","template":"page-templates\/full_width.php","meta":{"footnotes":""},"class_list":["post-106","page","type-page","status-publish","hentry"],"yoast_head":"<!-- This site is optimized with the Yoast SEO Premium plugin v25.9 (Yoast SEO v26.1.1) - https:\/\/yoast.com\/wordpress\/plugins\/seo\/ -->\n<title>Afyon turbo tamiri: Uzman servis hizmetleri - Afyon Nazar Turbo Enjekt\u00f6r Servisi<\/title>\n<meta name=\"description\" content=\"Afyon&#039;da turbo tamiri, enjekt\u00f6r pompa servisi ve daha fazlas\u0131 i\u00e7in uzman ekibimizle h\u0131zl\u0131 ve garantili hizmet sunuyoruz.\" \/>\n<meta name=\"robots\" content=\"index, follow, max-snippet:-1, max-image-preview:large, max-video-preview:-1\" \/>\n<link rel=\"canonical\" href=\"https:\/\/nazarturbodizel.com\/index.php\/hizmetlerimiz\/\" \/>\n<meta property=\"og:locale\" content=\"tr_TR\" \/>\n<meta property=\"og:type\" content=\"article\" \/>\n<meta property=\"og:title\" content=\"Hizmetlerimiz\" \/>\n<meta property=\"og:description\" content=\"Afyon\u2019da turbo enjekt\u00f6r pompa servisi ve turbo tamiri hizmetleri. Uzman ekiple kaliteli, garantili onar\u0131m ve bak\u0131m \u00e7\u00f6z\u00fcmleri. H\u0131zl\u0131 servis, uygun fiyat!\" \/>\n<meta property=\"og:url\" content=\"https:\/\/nazarturbodizel.com\/index.php\/hizmetlerimiz\/\" \/>\n<meta property=\"og:site_name\" content=\"Afyon Nazar Turbo Enjekt\u00f6r Servisi\" \/>\n<meta property=\"article:modified_time\" content=\"2025-08-18T17:47:13+00:00\" \/>\n<meta property=\"og:image\" content=\"http:\/\/nazarturbodizel.com\/wp-content\/uploads\/2025\/08\/otoparkcom_turbo.jpg\" \/>\n<meta name=\"twitter:card\" content=\"summary_large_image\" \/>\n<meta name=\"twitter:label1\" content=\"Tahmini okuma s\u00fcresi\" \/>\n\t<meta name=\"twitter:data1\" content=\"2 dakika\" \/>\n<script type=\"application\/ld+json\" class=\"yoast-schema-graph\">{\"@context\":\"https:\/\/schema.org\",\"@graph\":[{\"@type\":\"WebPage\",\"@id\":\"https:\/\/nazarturbodizel.com\/index.php\/hizmetlerimiz\/\",\"url\":\"https:\/\/nazarturbodizel.com\/index.php\/hizmetlerimiz\/\",\"name\":\"Afyon turbo tamiri: Uzman servis hizmetleri - Afyon Nazar Turbo Enjekt\u00f6r Servisi\",\"isPartOf\":{\"@id\":\"https:\/\/nazarturbodizel.com\/#website\"},\"primaryImageOfPage\":{\"@id\":\"https:\/\/nazarturbodizel.com\/index.php\/hizmetlerimiz\/#primaryimage\"},\"image\":{\"@id\":\"https:\/\/nazarturbodizel.com\/index.php\/hizmetlerimiz\/#primaryimage\"},\"thumbnailUrl\":\"http:\/\/nazarturbodizel.com\/wp-content\/uploads\/2025\/08\/otoparkcom_turbo.jpg\",\"datePublished\":\"2021-07-08T07:12:24+00:00\",\"dateModified\":\"2025-08-18T17:47:13+00:00\",\"description\":\"Afyon'da turbo tamiri, enjekt\u00f6r pompa servisi ve daha fazlas\u0131 i\u00e7in uzman ekibimizle h\u0131zl\u0131 ve garantili hizmet sunuyoruz.\",\"breadcrumb\":{\"@id\":\"https:\/\/nazarturbodizel.com\/index.php\/hizmetlerimiz\/#breadcrumb\"},\"inLanguage\":\"tr\",\"potentialAction\":[{\"@type\":\"ReadAction\",\"target\":[\"https:\/\/nazarturbodizel.com\/index.php\/hizmetlerimiz\/\"]}]},{\"@type\":\"ImageObject\",\"inLanguage\":\"tr\",\"@id\":\"https:\/\/nazarturbodizel.com\/index.php\/hizmetlerimiz\/#primaryimage\",\"url\":\"http:\/\/nazarturbodizel.com\/wp-content\/uploads\/2025\/08\/otoparkcom_turbo.jpg\",\"contentUrl\":\"http:\/\/nazarturbodizel.com\/wp-content\/uploads\/2025\/08\/otoparkcom_turbo.jpg\"},{\"@type\":\"BreadcrumbList\",\"@id\":\"https:\/\/nazarturbodizel.com\/index.php\/hizmetlerimiz\/#breadcrumb\",\"itemListElement\":[{\"@type\":\"ListItem\",\"position\":1,\"name\":\"Home\",\"item\":\"https:\/\/nazarturbodizel.com\/\"},{\"@type\":\"ListItem\",\"position\":2,\"name\":\"Hizmetlerimiz\"}]},{\"@type\":\"WebSite\",\"@id\":\"https:\/\/nazarturbodizel.com\/#website\",\"url\":\"https:\/\/nazarturbodizel.com\/\",\"name\":\"www.nazarturbodizel.com\",\"description\":\"Afyon turbo tamir rektife\",\"publisher\":{\"@id\":\"https:\/\/nazarturbodizel.com\/#organization\"},\"potentialAction\":[{\"@type\":\"SearchAction\",\"target\":{\"@type\":\"EntryPoint\",\"urlTemplate\":\"https:\/\/nazarturbodizel.com\/?s={search_term_string}\"},\"query-input\":{\"@type\":\"PropertyValueSpecification\",\"valueRequired\":true,\"valueName\":\"search_term_string\"}}],\"inLanguage\":\"tr\"},{\"@type\":\"Organization\",\"@id\":\"https:\/\/nazarturbodizel.com\/#organization\",\"name\":\"Afyon Nazar Turbo\",\"url\":\"https:\/\/nazarturbodizel.com\/\",\"logo\":{\"@type\":\"ImageObject\",\"inLanguage\":\"tr\",\"@id\":\"https:\/\/nazarturbodizel.com\/#\/schema\/logo\/image\/\",\"url\":\"https:\/\/nazarturbodizel.com\/wp-content\/uploads\/2025\/08\/nazar-logo-1.png\",\"contentUrl\":\"https:\/\/nazarturbodizel.com\/wp-content\/uploads\/2025\/08\/nazar-logo-1.png\",\"width\":451,\"height\":165,\"caption\":\"Afyon Nazar Turbo\"},\"image\":{\"@id\":\"https:\/\/nazarturbodizel.com\/#\/schema\/logo\/image\/\"}}]}<\/script>\n<!-- \/ Yoast SEO Premium plugin. -->","yoast_head_json":{"title":"Afyon turbo tamiri: Uzman servis hizmetleri - Afyon Nazar Turbo Enjekt\u00f6r Servisi","description":"Afyon'da turbo tamiri, enjekt\u00f6r pompa servisi ve daha fazlas\u0131 i\u00e7in uzman ekibimizle h\u0131zl\u0131 ve garantili hizmet sunuyoruz.","robots":{"index":"index","follow":"follow","max-snippet":"max-snippet:-1","max-image-preview":"max-image-preview:large","max-video-preview":"max-video-preview:-1"},"canonical":"https:\/\/nazarturbodizel.com\/index.php\/hizmetlerimiz\/","og_locale":"tr_TR","og_type":"article","og_title":"Hizmetlerimiz","og_description":"Afyon\u2019da turbo enjekt\u00f6r pompa servisi ve turbo tamiri hizmetleri. Uzman ekiple kaliteli, garantili onar\u0131m ve bak\u0131m \u00e7\u00f6z\u00fcmleri. H\u0131zl\u0131 servis, uygun fiyat!","og_url":"https:\/\/nazarturbodizel.com\/index.php\/hizmetlerimiz\/","og_site_name":"Afyon Nazar Turbo Enjekt\u00f6r Servisi","article_modified_time":"2025-08-18T17:47:13+00:00","og_image":[{"url":"http:\/\/nazarturbodizel.com\/wp-content\/uploads\/2025\/08\/otoparkcom_turbo.jpg","type":"","width":"","height":""}],"twitter_card":"summary_large_image","twitter_misc":{"Tahmini okuma s\u00fcresi":"2 dakika"},"schema":{"@context":"https:\/\/schema.org","@graph":[{"@type":"WebPage","@id":"https:\/\/nazarturbodizel.com\/index.php\/hizmetlerimiz\/","url":"https:\/\/nazarturbodizel.com\/index.php\/hizmetlerimiz\/","name":"Afyon turbo tamiri: Uzman servis hizmetleri - Afyon Nazar Turbo Enjekt\u00f6r Servisi","isPartOf":{"@id":"https:\/\/nazarturbodizel.com\/#website"},"primaryImageOfPage":{"@id":"https:\/\/nazarturbodizel.com\/index.php\/hizmetlerimiz\/#primaryimage"},"image":{"@id":"https:\/\/nazarturbodizel.com\/index.php\/hizmetlerimiz\/#primaryimage"},"thumbnailUrl":"http:\/\/nazarturbodizel.com\/wp-content\/uploads\/2025\/08\/otoparkcom_turbo.jpg","datePublished":"2021-07-08T07:12:24+00:00","dateModified":"2025-08-18T17:47:13+00:00","description":"Afyon'da turbo tamiri, enjekt\u00f6r pompa servisi ve daha fazlas\u0131 i\u00e7in uzman ekibimizle h\u0131zl\u0131 ve garantili hizmet sunuyoruz.","breadcrumb":{"@id":"https:\/\/nazarturbodizel.com\/index.php\/hizmetlerimiz\/#breadcrumb"},"inLanguage":"tr","potentialAction":[{"@type":"ReadAction","target":["https:\/\/nazarturbodizel.com\/index.php\/hizmetlerimiz\/"]}]},{"@type":"ImageObject","inLanguage":"tr","@id":"https:\/\/nazarturbodizel.com\/index.php\/hizmetlerimiz\/#primaryimage","url":"http:\/\/nazarturbodizel.com\/wp-content\/uploads\/2025\/08\/otoparkcom_turbo.jpg","contentUrl":"http:\/\/nazarturbodizel.com\/wp-content\/uploads\/2025\/08\/otoparkcom_turbo.jpg"},{"@type":"BreadcrumbList","@id":"https:\/\/nazarturbodizel.com\/index.php\/hizmetlerimiz\/#breadcrumb","itemListElement":[{"@type":"ListItem","position":1,"name":"Home","item":"https:\/\/nazarturbodizel.com\/"},{"@type":"ListItem","position":2,"name":"Hizmetlerimiz"}]},{"@type":"WebSite","@id":"https:\/\/nazarturbodizel.com\/#website","url":"https:\/\/nazarturbodizel.com\/","name":"www.nazarturbodizel.com","description":"Afyon turbo tamir rektife","publisher":{"@id":"https:\/\/nazarturbodizel.com\/#organization"},"potentialAction":[{"@type":"SearchAction","target":{"@type":"EntryPoint","urlTemplate":"https:\/\/nazarturbodizel.com\/?s={search_term_string}"},"query-input":{"@type":"PropertyValueSpecification","valueRequired":true,"valueName":"search_term_string"}}],"inLanguage":"tr"},{"@type":"Organization","@id":"https:\/\/nazarturbodizel.com\/#organization","name":"Afyon Nazar Turbo","url":"https:\/\/nazarturbodizel.com\/","logo":{"@type":"ImageObject","inLanguage":"tr","@id":"https:\/\/nazarturbodizel.com\/#\/schema\/logo\/image\/","url":"https:\/\/nazarturbodizel.com\/wp-content\/uploads\/2025\/08\/nazar-logo-1.png","contentUrl":"https:\/\/nazarturbodizel.com\/wp-content\/uploads\/2025\/08\/nazar-logo-1.png","width":451,"height":165,"caption":"Afyon Nazar Turbo"},"image":{"@id":"https:\/\/nazarturbodizel.com\/#\/schema\/logo\/image\/"}}]}},"_links":{"self":[{"href":"https:\/\/nazarturbodizel.com\/index.php\/wp-json\/wp\/v2\/pages\/106","targetHints":{"allow":["GET"]}}],"collection":[{"href":"https:\/\/nazarturbodizel.com\/index.php\/wp-json\/wp\/v2\/pages"}],"about":[{"href":"https:\/\/nazarturbodizel.com\/index.php\/wp-json\/wp\/v2\/types\/page"}],"author":[{"embeddable":true,"href":"https:\/\/nazarturbodizel.com\/index.php\/wp-json\/wp\/v2\/users\/1"}],"replies":[{"embeddable":true,"href":"https:\/\/nazarturbodizel.com\/index.php\/wp-json\/wp\/v2\/comments?post=106"}],"version-history":[{"count":19,"href":"https:\/\/nazarturbodizel.com\/index.php\/wp-json\/wp\/v2\/pages\/106\/revisions"}],"predecessor-version":[{"id":3062,"href":"https:\/\/nazarturbodizel.com\/index.php\/wp-json\/wp\/v2\/pages\/106\/revisions\/3062"}],"wp:attachment":[{"href":"https:\/\/nazarturbodizel.com\/index.php\/wp-json\/wp\/v2\/media?parent=106"}],"curies":[{"name":"wp","href":"https:\/\/api.w.org\/{rel}","templated":true}]}}