{"id":122,"date":"2021-07-08T07:47:52","date_gmt":"2021-07-08T07:47:52","guid":{"rendered":"https:\/\/cardan.bolvosites.com\/?page_id=122"},"modified":"2025-08-18T03:06:47","modified_gmt":"2025-08-18T00:06:47","slug":"iletisim","status":"publish","type":"page","link":"https:\/\/nazarturbodizel.com\/index.php\/iletisim\/","title":{"rendered":"\u0130leti\u015fim"},"content":{"rendered":"\t\t<div data-elementor-type=\"wp-page\" data-elementor-id=\"122\" class=\"elementor elementor-122\">\n\t\t\t\t\t\t<section class=\"elementor-section elementor-top-section elementor-element elementor-element-6bcf00c elementor-section-full_width elementor-section-height-default elementor-section-height-default\" data-id=\"6bcf00c\" data-element_type=\"section\">\n\t\t\t\t\t\t<div class=\"elementor-container elementor-column-gap-no\">\n\t\t\t\t\t<div class=\"elementor-column elementor-col-100 elementor-top-column elementor-element elementor-element-a93472d\" data-id=\"a93472d\" data-element_type=\"column\">\n\t\t\t<div class=\"elementor-widget-wrap\">\n\t\t\t\t\t\t\t<\/div>\n\t\t<\/div>\n\t\t\t\t\t<\/div>\n\t\t<\/section>\n\t\t\t\t<section class=\"elementor-section elementor-top-section elementor-element elementor-element-be3b8ce elementor-section-full_width elementor-section-height-default elementor-section-height-default\" data-id=\"be3b8ce\" data-element_type=\"section\">\n\t\t\t\t\t\t<div class=\"elementor-container elementor-column-gap-no\">\n\t\t\t\t\t<div class=\"elementor-column elementor-col-100 elementor-top-column elementor-element elementor-element-cf533be\" data-id=\"cf533be\" data-element_type=\"column\">\n\t\t\t<div class=\"elementor-widget-wrap elementor-element-populated\">\n\t\t\t\t\t\t<div class=\"elementor-element elementor-element-a3bb60c elementor-widget elementor-widget-google_maps\" data-id=\"a3bb60c\" data-element_type=\"widget\" data-widget_type=\"google_maps.default\">\n\t\t\t\t\t\t\t<div class=\"elementor-custom-embed\">\n\t\t\t<iframe loading=\"lazy\"\n\t\t\t\t\tsrc=\"https:\/\/maps.google.com\/maps?q=NAZAR%20D%C4%B0ZEL%20TURBO%20ENJEKT%C3%96R%20SERV%C4%B0S%C4%B0%201137.%20Sk.%201137.%20Sk.%2CVeysel%20Karani%2C%2003030%20Afyonkarahisar%20Merkez%2FAfyonkarahisar&#038;t=m&#038;z=20&#038;output=embed&#038;iwloc=near\"\n\t\t\t\t\ttitle=\"NAZAR D\u0130ZEL TURBO ENJEKT\u00d6R SERV\u0130S\u0130 1137. Sk. 1137. Sk.,Veysel Karani, 03030 Afyonkarahisar Merkez\/Afyonkarahisar\"\n\t\t\t\t\taria-label=\"NAZAR D\u0130ZEL TURBO ENJEKT\u00d6R SERV\u0130S\u0130 1137. Sk. 1137. Sk.,Veysel Karani, 03030 Afyonkarahisar Merkez\/Afyonkarahisar\"\n\t\t\t><\/iframe>\n\t\t<\/div>\n\t\t\t\t\t\t<\/div>\n\t\t\t\t<div class=\"elementor-element elementor-element-94c638a elementor-widget elementor-widget-ucaddon_contactsection\" data-id=\"94c638a\" data-element_type=\"widget\" data-widget_type=\"ucaddon_contactsection.default\">\n\t\t\t\t<div class=\"elementor-widget-container\">\n\t\t\t\t\t\n<!-- start Contact section -->\n\n<div class=\"page-content\">\n  <div class=\"uk-section-large uk-container\">\n    <div class=\"contacts-block\">\n      <div class=\"uk-grid uk-grid-collapse\" data-uk-grid>\n        <div class=\"uk-width-1-3@m\">\n          <div class=\"sidebar\">\n            <div class=\"widjet widjet-contacts\">\n              <h4 class=\"widjet__title\">\u0130leti\u015fim Bilgileri<\/h4>\n              <ul class=\"contacts-list\">\n                <li class=\"contacts-list-item\">\n                  <div class=\"contacts-list-item__icon\">\n                    <img decoding=\"async\" src=\"https:\/\/nazarturbodizel.com\/wp-content\/uploads\/2021\/09\/pointer-map-Basic-White-19.png\" alt=\"pointer-map-Basic White-19\" \/>\n                  <\/div>\n                  <div class=\"contacts-list-item__desc\">\n                    <div class=\"contacts-list-item__label\">Adres<\/div>\n                    <div class=\"contacts-list-item__content\">2.k\u00fc\u00e7\u00fck San. Veysel Karani,1137. Sk.No:3, Merkez\/Afyonkarahisar<\/div>\n                  <\/div>\n                <\/li>\n                <li class=\"contacts-list-item\">\n                  <div class=\"contacts-list-item__icon\">\n                    <img decoding=\"async\" src=\"https:\/\/nazarturbodizel.com\/wp-content\/uploads\/2021\/09\/Basic-White-55.png\" alt=\"Basic White-55\" \/>\n                  <\/div>\n                  <div class=\"contacts-list-item__desc\">\n                    <div class=\"contacts-list-item__label\">Telefon<\/div>\n                    <div class=\"contacts-list-item__content\"><a href=\"tel:05416155651\">05416155651  <br>05416155653<\/a><\/div>\n                  <\/div>\n                <\/li>\n                <li class=\"contacts-list-item\">\n                  <div class=\"contacts-list-item__icon\">\n                    <img decoding=\"async\" src=\"https:\/\/nazarturbodizel.com\/wp-content\/uploads\/2021\/09\/envelop-Basic-White-45.png\" alt=\"envelop-Basic White-45\" \/>\n                  <\/div>\n                  <div class=\"contacts-list-item__desc\">\n                    <div class=\"contacts-list-item__label\">E posta<\/div>\n                    <div class=\"contacts-list-item__content\"> <a href=\"info@nazarturbodizel.com\">info@nazarturbodizel.com<\/a><\/div>\n                  <\/div>\n                <\/li>\n                <li class=\"contacts-list-item\">\n                  <div class=\"contacts-list-item__icon\">\n                    <img decoding=\"async\" src=\"\" alt=\"\" \/>\n                  <\/div>\n                  <div class=\"contacts-list-item__desc\">\n                    <div class=\"contacts-list-item__label\"><\/div>\n                    <div class=\"contacts-list-item__content\"><\/div>\n                  <\/div>\n                <\/li>\n              <\/ul>\n            <\/div>\n          <\/div>\n        <\/div>\n        <div class=\"uk-width-2-3@m\">\n          <div class=\"block-form\">\n            <div class=\"section-title\">\n              <div class=\"uk-h2\">Mesaj G\u00f6nder<\/div>\n            <\/div>\n            <div class=\"section-content\">\n              <p><\/p>\n              <style id=\"wpforms-css-vars-3029\">\n\t\t\t\t#wpforms-3029 {\n\t\t\t\t--wpforms-container-padding: 0px;\n--wpforms-container-border-width: 1px;\n--wpforms-container-border-radius: 3px;\n--wpforms-background-color: rgba(0, 0, 0, 0);\n--wpforms-field-size-input-height: 43px;\n--wpforms-field-size-input-spacing: 15px;\n--wpforms-field-size-font-size: 16px;\n--wpforms-field-size-line-height: 19px;\n--wpforms-field-size-padding-h: 14px;\n--wpforms-field-size-checkbox-size: 16px;\n--wpforms-field-size-sublabel-spacing: 5px;\n--wpforms-field-size-icon-size: 1;\n--wpforms-label-size-font-size: 16px;\n--wpforms-label-size-line-height: 19px;\n--wpforms-label-size-sublabel-font-size: 14px;\n--wpforms-label-size-sublabel-line-height: 17px;\n--wpforms-button-size-font-size: 17px;\n--wpforms-button-size-height: 41px;\n--wpforms-button-size-padding-h: 15px;\n--wpforms-button-size-margin-top: 10px;\n--wpforms-container-shadow-size-box-shadow: none;\n\t\t\t}\n\t\t\t<\/style><div class=\"wpforms-container wpforms-container-full wpforms-render-modern\" id=\"wpforms-3029\"><form id=\"wpforms-form-3029\" class=\"wpforms-validate wpforms-form wpforms-ajax-form\" data-formid=\"3029\" method=\"post\" enctype=\"multipart\/form-data\" action=\"\/index.php\/wp-json\/wp\/v2\/pages\/122\" data-token=\"0f568432a10cb35398b50f95ced9a56f\" data-token-time=\"1777392402\"><noscript class=\"wpforms-error-noscript\">Bu formu bitirebilmek i\u00e7in taray\u0131c\u0131n\u0131zda JavaScript&#039;i etkinle\u015ftirin.<\/noscript><div id=\"wpforms-error-noscript\" style=\"display: none;\">Bu formu bitirebilmek i\u00e7in taray\u0131c\u0131n\u0131zda JavaScript&#039;i etkinle\u015ftirin.<\/div><div class=\"wpforms-field-container\"><div id=\"wpforms-3029-field_1-container\" class=\"wpforms-field wpforms-field-name\" data-field-id=\"1\"><fieldset><legend class=\"wpforms-field-label\">Ad\u0131 Soyad\u0131 <span class=\"wpforms-required-label\" aria-hidden=\"true\">*<\/span><\/legend><div class=\"wpforms-field-row wpforms-field-medium\"><div class=\"wpforms-field-row-block wpforms-first wpforms-one-half\"><input type=\"text\" id=\"wpforms-3029-field_1\" class=\"wpforms-field-name-first wpforms-field-required\" name=\"wpforms[fields][1][first]\" aria-errormessage=\"wpforms-3029-field_1-error\" required><label for=\"wpforms-3029-field_1\" class=\"wpforms-field-sublabel after\">Ad<\/label><\/div><div class=\"wpforms-field-row-block wpforms-one-half\"><input type=\"text\" id=\"wpforms-3029-field_1-last\" class=\"wpforms-field-name-last wpforms-field-required\" name=\"wpforms[fields][1][last]\" aria-errormessage=\"wpforms-3029-field_1-last-error\" required><label for=\"wpforms-3029-field_1-last\" class=\"wpforms-field-sublabel after\">Soyad<\/label><\/div><\/div><\/fieldset><\/div>\t\t<div id=\"wpforms-3029-field_4-container\"\n\t\t\tclass=\"wpforms-field wpforms-field-text\"\n\t\t\tdata-field-type=\"text\"\n\t\t\tdata-field-id=\"4\"\n\t\t\t>\n\t\t\t<label class=\"wpforms-field-label\" for=\"wpforms-3029-field_4\" >E-posta Ad\u0131 Mesaj<\/label>\n\t\t\t<input type=\"text\" id=\"wpforms-3029-field_4\" class=\"wpforms-field-medium\" name=\"wpforms[fields][4]\" >\n\t\t<\/div>\n\t\t<div id=\"wpforms-3029-field_2-container\" class=\"wpforms-field wpforms-field-email\" data-field-id=\"2\"><label class=\"wpforms-field-label\" for=\"wpforms-3029-field_2\">E-posta <span class=\"wpforms-required-label\" aria-hidden=\"true\">*<\/span><\/label><input type=\"email\" id=\"wpforms-3029-field_2\" class=\"wpforms-field-medium wpforms-field-required\" name=\"wpforms[fields][2]\" spellcheck=\"false\" aria-errormessage=\"wpforms-3029-field_2-error\" required><\/div><div id=\"wpforms-3029-field_3-container\" class=\"wpforms-field wpforms-field-textarea\" data-field-id=\"3\"><label class=\"wpforms-field-label\" for=\"wpforms-3029-field_3\">Yorum veya Mesaj<\/label><textarea id=\"wpforms-3029-field_3\" class=\"wpforms-field-medium\" name=\"wpforms[fields][3]\" aria-errormessage=\"wpforms-3029-field_3-error\" ><\/textarea><\/div><script>\n\t\t\t\t( function() {\n\t\t\t\t\tconst style = document.createElement( 'style' );\n\t\t\t\t\tstyle.appendChild( document.createTextNode( '#wpforms-3029-field_4-container { position: absolute !important; overflow: hidden !important; display: inline !important; height: 1px !important; width: 1px !important; z-index: -1000 !important; padding: 0 !important; } #wpforms-3029-field_4-container input { visibility: hidden; } #wpforms-conversational-form-page #wpforms-3029-field_4-container label { counter-increment: none; }' ) );\n\t\t\t\t\tdocument.head.appendChild( style );\n\t\t\t\t\tdocument.currentScript?.remove();\n\t\t\t\t} )();\n\t\t\t<\/script><\/div><!-- .wpforms-field-container --><div class=\"wpforms-submit-container\" ><input type=\"hidden\" name=\"wpforms[id]\" value=\"3029\"><input type=\"hidden\" name=\"page_title\" value=\"\"><input type=\"hidden\" name=\"page_url\" value=\"https:\/\/nazarturbodizel.com\/index.php\/wp-json\/wp\/v2\/pages\/122\"><input type=\"hidden\" name=\"url_referer\" value=\"\"><button type=\"submit\" name=\"wpforms[submit]\" id=\"wpforms-submit-3029\" class=\"wpforms-submit\" data-alt-text=\"G\u00f6nderiliyor...\" data-submit-text=\"G\u00f6nder\" aria-live=\"assertive\" value=\"wpforms-submit\">G\u00f6nder<\/button><img decoding=\"async\" src=\"https:\/\/nazarturbodizel.com\/wp-content\/plugins\/wpforms-lite\/assets\/images\/submit-spin.svg\" class=\"wpforms-submit-spinner\" style=\"display: none;\" width=\"26\" height=\"26\" alt=\"Y\u00fckleniyor\"><\/div><\/form><\/div>  <!-- .wpforms-container -->\n            <\/div>\n          <\/div>\n        <\/div>\n      <\/div>\n    <\/div>\n  <\/div>\n<\/div>\n<!-- end Contact section -->\t\t\t\t<\/div>\n\t\t\t\t<\/div>\n\t\t\t\t\t<\/div>\n\t\t<\/div>\n\t\t\t\t\t<\/div>\n\t\t<\/section>\n\t\t\t\t<\/div>\n\t\t","protected":false},"excerpt":{"rendered":"<p>\u0130leti\u015fim Bilgileri Adres 2.k\u00fc\u00e7\u00fck San. Veysel Karani,1137. Sk.No:3, Merkez\/Afyonkarahisar Telefon 05416155651 05416155653 E posta info@nazarturbodizel.com Mesaj G\u00f6nder Bu formu bitirebilmek i\u00e7in taray\u0131c\u0131n\u0131zda JavaScript&#039;i etkinle\u015ftirin.Bu formu bitirebilmek i\u00e7in taray\u0131c\u0131n\u0131zda JavaScript&#039;i etkinle\u015ftirin. Ad\u0131 Soyad\u0131 * AdSoyad E-posta *Yorum veya Mesaj G\u00f6nder<\/p>\n","protected":false},"author":1,"featured_media":0,"parent":0,"menu_order":0,"comment_status":"closed","ping_status":"closed","template":"page-templates\/full_width.php","meta":{"footnotes":""},"class_list":["post-122","page","type-page","status-publish","hentry"],"yoast_head":"<!-- This site is optimized with the Yoast SEO Premium plugin v25.9 (Yoast SEO v26.1.1) - https:\/\/yoast.com\/wordpress\/plugins\/seo\/ -->\n<title>Afyon turbo tamiri ve enjekt\u00f6r pompa servisi - Afyon Nazar Turbo Enjekt\u00f6r Servisi<\/title>\n<meta name=\"description\" content=\"Afyon turbo revizyon ve dizel enjekt\u00f6r tamiri i\u00e7in uzman ekibimizle hizmetinizdeyiz. \u0130leti\u015fim i\u00e7in t\u0131klay\u0131n.\" \/>\n<meta name=\"robots\" content=\"index, follow, max-snippet:-1, max-image-preview:large, max-video-preview:-1\" \/>\n<link rel=\"canonical\" href=\"https:\/\/nazarturbodizel.com\/index.php\/iletisim\/\" \/>\n<meta property=\"og:locale\" content=\"tr_TR\" \/>\n<meta property=\"og:type\" content=\"article\" \/>\n<meta property=\"og:title\" content=\"\u0130leti\u015fim\" \/>\n<meta property=\"og:description\" content=\"Afyon\u2019da turbo enjekt\u00f6r pompa servisi ve turbo tamiri hizmetleri. Uzman ekiple kaliteli, garantili onar\u0131m ve bak\u0131m \u00e7\u00f6z\u00fcmleri. H\u0131zl\u0131 servis, uygun fiyat!\" \/>\n<meta property=\"og:url\" content=\"https:\/\/nazarturbodizel.com\/index.php\/iletisim\/\" \/>\n<meta property=\"og:site_name\" content=\"Afyon Nazar Turbo Enjekt\u00f6r Servisi\" \/>\n<meta property=\"article:modified_time\" content=\"2025-08-18T00:06:47+00:00\" \/>\n<meta property=\"og:image\" content=\"http:\/\/nazarturbodizel.com\/wp-content\/uploads\/2021\/09\/pointer-map-Basic-White-19.png\" \/>\n<meta name=\"twitter:card\" content=\"summary_large_image\" \/>\n<meta name=\"twitter:label1\" content=\"Tahmini okuma s\u00fcresi\" \/>\n\t<meta name=\"twitter:data1\" content=\"2 dakika\" \/>\n<script type=\"application\/ld+json\" class=\"yoast-schema-graph\">{\"@context\":\"https:\/\/schema.org\",\"@graph\":[{\"@type\":\"WebPage\",\"@id\":\"https:\/\/nazarturbodizel.com\/index.php\/iletisim\/\",\"url\":\"https:\/\/nazarturbodizel.com\/index.php\/iletisim\/\",\"name\":\"Afyon turbo tamiri ve enjekt\u00f6r pompa servisi - Afyon Nazar Turbo Enjekt\u00f6r Servisi\",\"isPartOf\":{\"@id\":\"https:\/\/nazarturbodizel.com\/#website\"},\"primaryImageOfPage\":{\"@id\":\"https:\/\/nazarturbodizel.com\/index.php\/iletisim\/#primaryimage\"},\"image\":{\"@id\":\"https:\/\/nazarturbodizel.com\/index.php\/iletisim\/#primaryimage\"},\"thumbnailUrl\":\"http:\/\/nazarturbodizel.com\/wp-content\/uploads\/2021\/09\/pointer-map-Basic-White-19.png\",\"datePublished\":\"2021-07-08T07:47:52+00:00\",\"dateModified\":\"2025-08-18T00:06:47+00:00\",\"description\":\"Afyon turbo revizyon ve dizel enjekt\u00f6r tamiri i\u00e7in uzman ekibimizle hizmetinizdeyiz. \u0130leti\u015fim i\u00e7in t\u0131klay\u0131n.\",\"breadcrumb\":{\"@id\":\"https:\/\/nazarturbodizel.com\/index.php\/iletisim\/#breadcrumb\"},\"inLanguage\":\"tr\",\"potentialAction\":[{\"@type\":\"ReadAction\",\"target\":[\"https:\/\/nazarturbodizel.com\/index.php\/iletisim\/\"]}]},{\"@type\":\"ImageObject\",\"inLanguage\":\"tr\",\"@id\":\"https:\/\/nazarturbodizel.com\/index.php\/iletisim\/#primaryimage\",\"url\":\"http:\/\/nazarturbodizel.com\/wp-content\/uploads\/2021\/09\/pointer-map-Basic-White-19.png\",\"contentUrl\":\"http:\/\/nazarturbodizel.com\/wp-content\/uploads\/2021\/09\/pointer-map-Basic-White-19.png\"},{\"@type\":\"BreadcrumbList\",\"@id\":\"https:\/\/nazarturbodizel.com\/index.php\/iletisim\/#breadcrumb\",\"itemListElement\":[{\"@type\":\"ListItem\",\"position\":1,\"name\":\"Home\",\"item\":\"https:\/\/nazarturbodizel.com\/\"},{\"@type\":\"ListItem\",\"position\":2,\"name\":\"\u0130leti\u015fim\"}]},{\"@type\":\"WebSite\",\"@id\":\"https:\/\/nazarturbodizel.com\/#website\",\"url\":\"https:\/\/nazarturbodizel.com\/\",\"name\":\"www.nazarturbodizel.com\",\"description\":\"Afyon turbo tamir rektife\",\"publisher\":{\"@id\":\"https:\/\/nazarturbodizel.com\/#organization\"},\"potentialAction\":[{\"@type\":\"SearchAction\",\"target\":{\"@type\":\"EntryPoint\",\"urlTemplate\":\"https:\/\/nazarturbodizel.com\/?s={search_term_string}\"},\"query-input\":{\"@type\":\"PropertyValueSpecification\",\"valueRequired\":true,\"valueName\":\"search_term_string\"}}],\"inLanguage\":\"tr\"},{\"@type\":\"Organization\",\"@id\":\"https:\/\/nazarturbodizel.com\/#organization\",\"name\":\"Afyon Nazar Turbo\",\"url\":\"https:\/\/nazarturbodizel.com\/\",\"logo\":{\"@type\":\"ImageObject\",\"inLanguage\":\"tr\",\"@id\":\"https:\/\/nazarturbodizel.com\/#\/schema\/logo\/image\/\",\"url\":\"https:\/\/nazarturbodizel.com\/wp-content\/uploads\/2025\/08\/nazar-logo-1.png\",\"contentUrl\":\"https:\/\/nazarturbodizel.com\/wp-content\/uploads\/2025\/08\/nazar-logo-1.png\",\"width\":451,\"height\":165,\"caption\":\"Afyon Nazar Turbo\"},\"image\":{\"@id\":\"https:\/\/nazarturbodizel.com\/#\/schema\/logo\/image\/\"}}]}<\/script>\n<!-- \/ Yoast SEO Premium plugin. -->","yoast_head_json":{"title":"Afyon turbo tamiri ve enjekt\u00f6r pompa servisi - Afyon Nazar Turbo Enjekt\u00f6r Servisi","description":"Afyon turbo revizyon ve dizel enjekt\u00f6r tamiri i\u00e7in uzman ekibimizle hizmetinizdeyiz. \u0130leti\u015fim i\u00e7in t\u0131klay\u0131n.","robots":{"index":"index","follow":"follow","max-snippet":"max-snippet:-1","max-image-preview":"max-image-preview:large","max-video-preview":"max-video-preview:-1"},"canonical":"https:\/\/nazarturbodizel.com\/index.php\/iletisim\/","og_locale":"tr_TR","og_type":"article","og_title":"\u0130leti\u015fim","og_description":"Afyon\u2019da turbo enjekt\u00f6r pompa servisi ve turbo tamiri hizmetleri. Uzman ekiple kaliteli, garantili onar\u0131m ve bak\u0131m \u00e7\u00f6z\u00fcmleri. H\u0131zl\u0131 servis, uygun fiyat!","og_url":"https:\/\/nazarturbodizel.com\/index.php\/iletisim\/","og_site_name":"Afyon Nazar Turbo Enjekt\u00f6r Servisi","article_modified_time":"2025-08-18T00:06:47+00:00","og_image":[{"url":"http:\/\/nazarturbodizel.com\/wp-content\/uploads\/2021\/09\/pointer-map-Basic-White-19.png","type":"","width":"","height":""}],"twitter_card":"summary_large_image","twitter_misc":{"Tahmini okuma s\u00fcresi":"2 dakika"},"schema":{"@context":"https:\/\/schema.org","@graph":[{"@type":"WebPage","@id":"https:\/\/nazarturbodizel.com\/index.php\/iletisim\/","url":"https:\/\/nazarturbodizel.com\/index.php\/iletisim\/","name":"Afyon turbo tamiri ve enjekt\u00f6r pompa servisi - Afyon Nazar Turbo Enjekt\u00f6r Servisi","isPartOf":{"@id":"https:\/\/nazarturbodizel.com\/#website"},"primaryImageOfPage":{"@id":"https:\/\/nazarturbodizel.com\/index.php\/iletisim\/#primaryimage"},"image":{"@id":"https:\/\/nazarturbodizel.com\/index.php\/iletisim\/#primaryimage"},"thumbnailUrl":"http:\/\/nazarturbodizel.com\/wp-content\/uploads\/2021\/09\/pointer-map-Basic-White-19.png","datePublished":"2021-07-08T07:47:52+00:00","dateModified":"2025-08-18T00:06:47+00:00","description":"Afyon turbo revizyon ve dizel enjekt\u00f6r tamiri i\u00e7in uzman ekibimizle hizmetinizdeyiz. \u0130leti\u015fim i\u00e7in t\u0131klay\u0131n.","breadcrumb":{"@id":"https:\/\/nazarturbodizel.com\/index.php\/iletisim\/#breadcrumb"},"inLanguage":"tr","potentialAction":[{"@type":"ReadAction","target":["https:\/\/nazarturbodizel.com\/index.php\/iletisim\/"]}]},{"@type":"ImageObject","inLanguage":"tr","@id":"https:\/\/nazarturbodizel.com\/index.php\/iletisim\/#primaryimage","url":"http:\/\/nazarturbodizel.com\/wp-content\/uploads\/2021\/09\/pointer-map-Basic-White-19.png","contentUrl":"http:\/\/nazarturbodizel.com\/wp-content\/uploads\/2021\/09\/pointer-map-Basic-White-19.png"},{"@type":"BreadcrumbList","@id":"https:\/\/nazarturbodizel.com\/index.php\/iletisim\/#breadcrumb","itemListElement":[{"@type":"ListItem","position":1,"name":"Home","item":"https:\/\/nazarturbodizel.com\/"},{"@type":"ListItem","position":2,"name":"\u0130leti\u015fim"}]},{"@type":"WebSite","@id":"https:\/\/nazarturbodizel.com\/#website","url":"https:\/\/nazarturbodizel.com\/","name":"www.nazarturbodizel.com","description":"Afyon turbo tamir rektife","publisher":{"@id":"https:\/\/nazarturbodizel.com\/#organization"},"potentialAction":[{"@type":"SearchAction","target":{"@type":"EntryPoint","urlTemplate":"https:\/\/nazarturbodizel.com\/?s={search_term_string}"},"query-input":{"@type":"PropertyValueSpecification","valueRequired":true,"valueName":"search_term_string"}}],"inLanguage":"tr"},{"@type":"Organization","@id":"https:\/\/nazarturbodizel.com\/#organization","name":"Afyon Nazar Turbo","url":"https:\/\/nazarturbodizel.com\/","logo":{"@type":"ImageObject","inLanguage":"tr","@id":"https:\/\/nazarturbodizel.com\/#\/schema\/logo\/image\/","url":"https:\/\/nazarturbodizel.com\/wp-content\/uploads\/2025\/08\/nazar-logo-1.png","contentUrl":"https:\/\/nazarturbodizel.com\/wp-content\/uploads\/2025\/08\/nazar-logo-1.png","width":451,"height":165,"caption":"Afyon Nazar Turbo"},"image":{"@id":"https:\/\/nazarturbodizel.com\/#\/schema\/logo\/image\/"}}]}},"_links":{"self":[{"href":"https:\/\/nazarturbodizel.com\/index.php\/wp-json\/wp\/v2\/pages\/122","targetHints":{"allow":["GET"]}}],"collection":[{"href":"https:\/\/nazarturbodizel.com\/index.php\/wp-json\/wp\/v2\/pages"}],"about":[{"href":"https:\/\/nazarturbodizel.com\/index.php\/wp-json\/wp\/v2\/types\/page"}],"author":[{"embeddable":true,"href":"https:\/\/nazarturbodizel.com\/index.php\/wp-json\/wp\/v2\/users\/1"}],"replies":[{"embeddable":true,"href":"https:\/\/nazarturbodizel.com\/index.php\/wp-json\/wp\/v2\/comments?post=122"}],"version-history":[{"count":11,"href":"https:\/\/nazarturbodizel.com\/index.php\/wp-json\/wp\/v2\/pages\/122\/revisions"}],"predecessor-version":[{"id":3034,"href":"https:\/\/nazarturbodizel.com\/index.php\/wp-json\/wp\/v2\/pages\/122\/revisions\/3034"}],"wp:attachment":[{"href":"https:\/\/nazarturbodizel.com\/index.php\/wp-json\/wp\/v2\/media?parent=122"}],"curies":[{"name":"wp","href":"https:\/\/api.w.org\/{rel}","templated":true}]}}