{"id":85,"date":"2021-07-08T06:34:47","date_gmt":"2021-07-08T06:34:47","guid":{"rendered":"https:\/\/cardan.bolvosites.com\/?page_id=85"},"modified":"2025-08-18T20:30:21","modified_gmt":"2025-08-18T17:30:21","slug":"hakkimizda","status":"publish","type":"page","link":"https:\/\/nazarturbodizel.com\/index.php\/hakkimizda\/","title":{"rendered":"Hakk\u0131m\u0131zda"},"content":{"rendered":"\t\t<div data-elementor-type=\"wp-page\" data-elementor-id=\"85\" class=\"elementor elementor-85\">\n\t\t\t\t\t\t<section class=\"elementor-section elementor-top-section elementor-element elementor-element-8211bec elementor-section-full_width pdtop0 elementor-section-height-default elementor-section-height-default\" data-id=\"8211bec\" data-element_type=\"section\">\n\t\t\t\t\t\t<div class=\"elementor-container elementor-column-gap-no\">\n\t\t\t\t\t<div class=\"elementor-column elementor-col-100 elementor-top-column elementor-element elementor-element-7758646\" data-id=\"7758646\" data-element_type=\"column\">\n\t\t\t<div class=\"elementor-widget-wrap elementor-element-populated\">\n\t\t\t\t\t\t<div class=\"elementor-element elementor-element-d0567c4 elementor-widget elementor-widget-ucaddon_homeintro\" data-id=\"d0567c4\" data-element_type=\"widget\" data-widget_type=\"ucaddon_homeintro.default\">\n\t\t\t\t<div class=\"elementor-widget-container\">\n\t\t\t\t\t\n<!-- start Home intro -->\n\n<div class=\"section-about uk-section-large\">\n  <div class=\"uk-container\">\n    <div class=\"uk-grid uk-grid-small uk-child-width-1-3@l uk-child-width-1-2@s uk-flex-middle uk-flex-center\" data-uk-grid>\n      <div class=\"uk-width-1-2@m\">\n        <div class=\"about-block-video\">\n          <div data-uk-lightbox>\n            <a href=\"#\" data-attrs=\"width: 1280; height: 720;\">\n            <img decoding=\"async\" src=\"https:\/\/nazarturbodizel.com\/wp-content\/uploads\/2025\/08\/hakkimizda.jpg\" alt=\"hakk\u0131m\u0131zda\">\n          <\/a>\n          <\/div>\n        <\/div>\n      <\/div>\n      <div class=\"uk-width-1-2@m\">\n        <div class=\"section-title\"> <span>Hakk\u0131m\u0131zda \u2013 NAZAR D\u0130ZEL TURBO ENJEKT\u00d6R SERV\u0130S\u0130<\/span>\n          <h3 class=\"uk-h2\">NAZAR Dizel Turbo Enjekt\u00f6r <br> Servisi olarak,<\/h3>\n        <\/div>\n        <div class=\"section-content\">\n          <p>Afyon\u2019da turbo enjekt\u00f6r pompa servisi ve turbo tamiri hizmetleri. Uzman ekiple kaliteli, garantili onar\u0131m ve bak\u0131m \u00e7\u00f6z\u00fcmleri. H\u0131zl\u0131 servis,\u00a0uygun\u00a0fiyat!<br>\n<br>\n\nDizel ara\u00e7 teknolojilerinde uzmanla\u015fm\u0131\u015f profesyonel bir ekip ile hizmet veriyoruz. Dizel enjekt\u00f6r, turbo tamiri ve test hizmetlerinde y\u00fcksek teknoloji ekipmanlarla garantili \u00e7\u00f6z\u00fcmler sunuyoruz.\n\nM\u00fc\u015fteri memnuniyetini merkeze alan yakla\u015f\u0131m\u0131m\u0131zla, her marka ve model araca \u00f6zel ar\u0131za tespiti ve onar\u0131m i\u015flemlerini titizlikle y\u00fcr\u00fct\u00fcyoruz. Deneyim, h\u0131z ve \u015feffafl\u0131k; i\u015fimizin temelidir.<\/p>\n        <\/div>\n      <\/div>\n      <div>\n        <img decoding=\"async\" class=\"uk-width-1-1\" src=\"https:\/\/nazarturbodizel.com\/wp-content\/uploads\/2025\/08\/hakkimizda2.jpg\" alt=\"hakk\u0131m\u0131zda2\">\n      <\/div>\n      <div class=\"uk-visible@l\">\n        <img decoding=\"async\" class=\"uk-width-1-1\" src=\"https:\/\/nazarturbodizel.com\/wp-content\/uploads\/2025\/08\/hakkimizda1.jpg\" alt=\"hakk\u0131m\u0131zda1\">\n      <\/div>\n      <div>\n        <ul class=\"list-checked cardan-lmargin\">\n          <li>Dizel enjekt\u00f6r tamiri ve test i\u015flemleri<\/li>\n          <li>Turbo revizyon ve balans ayar\u0131<\/li>\n          <li>Ar\u0131za tespiti, bak\u0131m ve par\u00e7a de\u011fi\u015fimi<\/li>\n          <li>Garantili ve ekonomik \u00e7\u00f6z\u00fcmler<\/li>\n        <\/ul>\n      <\/div>\n    <\/div>\n  <\/div>\n<\/div>\n<!-- end Home intro -->\t\t\t\t<\/div>\n\t\t\t\t<\/div>\n\t\t\t\t\t<\/div>\n\t\t<\/div>\n\t\t\t\t\t<\/div>\n\t\t<\/section>\n\t\t<div class=\"elementor-element elementor-element-f1f301b e-con-full e-flex e-con e-parent\" data-id=\"f1f301b\" data-element_type=\"container\">\n\t\t<div class=\"elementor-element elementor-element-23591c0 e-flex e-con-boxed e-con e-child\" data-id=\"23591c0\" data-element_type=\"container\">\n\t\t\t\t\t<div class=\"e-con-inner\">\n\t\t\t\t<div class=\"elementor-element elementor-element-902bb73 elementor-widget elementor-widget-heading\" data-id=\"902bb73\" data-element_type=\"widget\" data-widget_type=\"heading.default\">\n\t\t\t\t\t<h1 class=\"elementor-heading-title elementor-size-default\">Afyon\u2019da turbo enjekt\u00f6r pompa servisi ve turbo tamiri hizmetleri. Uzman ekiple kaliteli, garantili onar\u0131m ve bak\u0131m \u00e7\u00f6z\u00fcmleri. H\u0131zl\u0131 servis,\u00a0uygun\u00a0fiyat!<\/h1>\t\t\t\t<\/div>\n\t\t\t\t\t<\/div>\n\t\t\t\t<\/div>\n\t\t\t\t<\/div>\n\t\t<div class=\"elementor-element elementor-element-41d8174 e-flex e-con-boxed e-con e-parent\" data-id=\"41d8174\" data-element_type=\"container\">\n\t\t\t\t\t<div class=\"e-con-inner\">\n\t\t<div class=\"elementor-element elementor-element-6506ed7 e-con-full e-flex e-con e-child\" data-id=\"6506ed7\" data-element_type=\"container\">\n\t\t\t\t<div class=\"elementor-element elementor-element-b994f9a elementor-widget elementor-widget-ucaddon_servicegrids\" data-id=\"b994f9a\" data-element_type=\"widget\" data-widget_type=\"ucaddon_servicegrids.default\">\n\t\t\t\t<div class=\"elementor-widget-container\">\n\t\t\t\t\t\n<!-- start Service Grids -->\n\n<div class=\"page-content\">\n  \n  <div class=\"uk-section-large uk-container\">\n    <div class=\"uk-grid uk-grid-medium uk-child-width-1-2@s uk-child-width-1-3@m\" data-uk-grid>\n      <div>\n  <div class=\"service-item\">\n    <div class=\"service-item__media uk-inline-clip uk-transition-toggle uk-light\">\n      <a href=\"\">\n        <img decoding=\"async\" src=\"https:\/\/nazarturbodizel.com\/wp-content\/uploads\/2025\/08\/otoparkcom_turbo.jpg\" alt=\"otoparkcom_turbo\" \/>\n        <div class=\"uk-transition-fade uk-position-cover uk-overlay uk-overlay-primary uk-flex uk-flex-center uk-flex-middle\">\n          <span data-uk-icon=\"icon: plus; ratio: 2\"><\/span>\n        <\/div>\n      <\/a>\n    <\/div>\n    <div class=\"service-item__info\">\n      <div>\n        <div class=\"service-item__title\">Turbo Tamiri<\/div>\n        <div class=\"service-item__price\">Afyon\u2019da turbo enjekt\u00f6r pompa servisi ve turbo tamiri hizmetleri. Uzman ekiple kaliteli, garantili onar\u0131m ve bak\u0131m \u00e7\u00f6z\u00fcmleri. H\u0131zl\u0131 servis,\u00a0uygun\u00a0fiyat!<\/div>\n      <\/div>\n      <div><a class=\"service-item__icon\" href=\"\" data-uk-icon=\"triangle-right\"><\/a><\/div>\n    <\/div>\n  <\/div>\n<\/div>\n<div>\n  <div class=\"service-item\">\n    <div class=\"service-item__media uk-inline-clip uk-transition-toggle uk-light\">\n      <a href=\"\">\n        <img decoding=\"async\" src=\"https:\/\/nazarturbodizel.com\/wp-content\/uploads\/2025\/08\/unnamed.jpg\" alt=\"unnamed\" \/>\n        <div class=\"uk-transition-fade uk-position-cover uk-overlay uk-overlay-primary uk-flex uk-flex-center uk-flex-middle\">\n          <span data-uk-icon=\"icon: plus; ratio: 2\"><\/span>\n        <\/div>\n      <\/a>\n    <\/div>\n    <div class=\"service-item__info\">\n      <div>\n        <div class=\"service-item__title\">Dizel enjekt\u00f6r tamiri <\/div>\n        <div class=\"service-item__price\">Afyon\u2019da turbo enjekt\u00f6r pompa servisi ve turbo tamiri hizmetleri. Uzman ekiple kaliteli, garantili onar\u0131m ve bak\u0131m \u00e7\u00f6z\u00fcmleri. H\u0131zl\u0131 servis,\u00a0uygun\u00a0fiyat!<\/div>\n      <\/div>\n      <div><a class=\"service-item__icon\" href=\"\" data-uk-icon=\"triangle-right\"><\/a><\/div>\n    <\/div>\n  <\/div>\n<\/div>\n<div>\n  <div class=\"service-item\">\n    <div class=\"service-item__media uk-inline-clip uk-transition-toggle uk-light\">\n      <a href=\"\">\n        <img decoding=\"async\" src=\"https:\/\/nazarturbodizel.com\/wp-content\/uploads\/2025\/08\/Turbo-revizyon.jpg\" alt=\"Turbo revizyon\" \/>\n        <div class=\"uk-transition-fade uk-position-cover uk-overlay uk-overlay-primary uk-flex uk-flex-center uk-flex-middle\">\n          <span data-uk-icon=\"icon: plus; ratio: 2\"><\/span>\n        <\/div>\n      <\/a>\n    <\/div>\n    <div class=\"service-item__info\">\n      <div>\n        <div class=\"service-item__title\">Turbo revizyon<\/div>\n        <div class=\"service-item__price\">Afyon\u2019da turbo enjekt\u00f6r pompa servisi ve turbo tamiri hizmetleri. Uzman ekiple kaliteli, garantili onar\u0131m ve bak\u0131m \u00e7\u00f6z\u00fcmleri. H\u0131zl\u0131 servis,\u00a0uygun\u00a0fiyat!<\/div>\n      <\/div>\n      <div><a class=\"service-item__icon\" href=\"\" data-uk-icon=\"triangle-right\"><\/a><\/div>\n    <\/div>\n  <\/div>\n<\/div>\n\n    <\/div>\n  <\/div>\n<\/div>\n<!-- end Service Grids -->\t\t\t\t<\/div>\n\t\t\t\t<\/div>\n\t\t\t\t<\/div>\n\t\t\t\t\t<\/div>\n\t\t\t\t<\/div>\n\t\t\t\t<section class=\"elementor-section elementor-top-section elementor-element elementor-element-4ef2243 elementor-section-full_width elementor-section-height-default elementor-section-height-default\" data-id=\"4ef2243\" data-element_type=\"section\">\n\t\t\t\t\t\t<div class=\"elementor-container elementor-column-gap-no\">\n\t\t\t\t\t<div class=\"elementor-column elementor-col-100 elementor-top-column elementor-element elementor-element-1601382\" data-id=\"1601382\" data-element_type=\"column\">\n\t\t\t<div class=\"elementor-widget-wrap elementor-element-populated\">\n\t\t\t\t\t\t<div class=\"elementor-element elementor-element-380c8ac elementor-widget elementor-widget-ucaddon_homefeatures\" data-id=\"380c8ac\" data-element_type=\"widget\" data-widget_type=\"ucaddon_homefeatures.default\">\n\t\t\t\t<div class=\"elementor-widget-container\">\n\t\t\t\t\t\n<!-- start Home features -->\n\n<div class=\"section-features uk-section-large\">\n  <div class=\"uk-container\">\n    \n    <div data-uk-slider>\n      <div class=\"uk-position-relative\" tabindex=\"-1\">\n        <ul class=\"uk-slider-items uk-grid uk-child-width-1-1 uk-child-width-1-2@s uk-child-width-1-3@m\">\n\n        <li>\n  <div class=\"feature-item\">\n    <div class=\"feature-item__icon\">\n      <img decoding=\"async\" src=\"https:\/\/nazarturbodizel.com\/wp-content\/uploads\/2021\/07\/ico-feature-1.png\" alt=\"ico-feature-1\" data-uk-svg>\n    <\/div>\n    <div class=\"feature-item__desc\">\n      <div class=\"feature-item__title\">Afyonda Turbo <\/br>Tamirinde Do\u011fru Adres<\/div>\n      <div class=\"feature-item__text\">Kalite \u00dcr\u00fcn ve \u0130\u015f\u00e7ilik ile Arac\u0131n\u0131z G\u00fcven Ellerde.  Afyon ve b\u00f6lgenin lider turbo tamir servisi<\/div>\n      <div class=\"feature-item__more\"> <a class=\"uk-button-link\" href=\"\" data-uk-icon=\"triangle-right\"><\/a><\/div>\n    <\/div>\n  <\/div>\n<\/li>\n<li>\n  <div class=\"feature-item\">\n    <div class=\"feature-item__icon\">\n      <img decoding=\"async\" src=\"https:\/\/nazarturbodizel.com\/wp-content\/uploads\/2021\/07\/ico-feature-3.png\" alt=\"ico-feature-3\" data-uk-svg>\n    <\/div>\n    <div class=\"feature-item__desc\">\n      <div class=\"feature-item__title\">Kalite \u00dcr\u00fcn ve \u0130\u015f\u00e7ilik<\/div>\n      <div class=\"feature-item__text\">Afyonda Lider Firma Olan NAZAR D\u0130ZEL TURBO ENJEKT\u00d6R SERV\u0130S, bu ba\u015far\u0131s\u0131n\u0131 Kalite \u00dcr\u00fcn ve \u0130\u015f\u00e7ilik yapmas\u0131na bor\u00e7ludur.<\/div>\n      <div class=\"feature-item__more\"> <a class=\"uk-button-link\" href=\"\" data-uk-icon=\"triangle-right\"><\/a><\/div>\n    <\/div>\n  <\/div>\n<\/li>\n<li>\n  <div class=\"feature-item\">\n    <div class=\"feature-item__icon\">\n      <img decoding=\"async\" src=\"https:\/\/nazarturbodizel.com\/wp-content\/uploads\/2021\/07\/ico-feature-1.png\" alt=\"ico-feature-1\" data-uk-svg>\n    <\/div>\n    <div class=\"feature-item__desc\">\n      <div class=\"feature-item__title\">Arac\u0131n\u0131z G\u00fcven Ellerde<\/div>\n      <div class=\"feature-item__text\">Arac\u0131n\u0131z\u0131 bize  Dikkatli i\u015f\u00e7ilik ve profesyonel ekibmizle arac\u0131n\u0131za en \u00f6nemli hassasiyeti g\u00f6stererek i\u015fimizi yap\u0131yoruz.<\/div>\n      <div class=\"feature-item__more\"> <a class=\"uk-button-link\" href=\"\" data-uk-icon=\"triangle-right\"><\/a><\/div>\n    <\/div>\n  <\/div>\n<\/li>\n\n        <\/ul>\n      <\/div>\n      <ul class=\"uk-slider-nav uk-dotnav uk-flex-center uk-margin-top\"><\/ul>\n    <\/div>\n  <\/div>\n<\/div>\n<!-- end Home features -->\t\t\t\t<\/div>\n\t\t\t\t<\/div>\n\t\t\t\t\t<\/div>\n\t\t<\/div>\n\t\t\t\t\t<\/div>\n\t\t<\/section>\n\t\t\t\t<\/div>\n\t\t","protected":false},"excerpt":{"rendered":"<p>Hakk\u0131m\u0131zda \u2013 NAZAR D\u0130ZEL TURBO ENJEKT\u00d6R SERV\u0130S\u0130 NAZAR Dizel Turbo Enjekt\u00f6r Servisi olarak, Afyon\u2019da turbo enjekt\u00f6r pompa servisi ve turbo tamiri hizmetleri. Uzman ekiple kaliteli, garantili onar\u0131m ve bak\u0131m \u00e7\u00f6z\u00fcmleri. H\u0131zl\u0131 servis,\u00a0uygun\u00a0fiyat! Dizel ara\u00e7 teknolojilerinde uzmanla\u015fm\u0131\u015f profesyonel bir ekip ile hizmet veriyoruz. Dizel enjekt\u00f6r, turbo tamiri ve test hizmetlerinde y\u00fcksek teknoloji ekipmanlarla garantili \u00e7\u00f6z\u00fcmler sunuyoruz.&hellip;<\/p>\n","protected":false},"author":1,"featured_media":0,"parent":0,"menu_order":0,"comment_status":"closed","ping_status":"closed","template":"page-templates\/full_width.php","meta":{"footnotes":""},"class_list":["post-85","page","type-page","status-publish","hentry"],"yoast_head":"<!-- This site is optimized with the Yoast SEO Premium plugin v25.9 (Yoast SEO v26.1.1) - https:\/\/yoast.com\/wordpress\/plugins\/seo\/ -->\n<title>Afyon turbo tamiri ile garantili hizmetler - Afyon Nazar Turbo Enjekt\u00f6r Servisi<\/title>\n<meta name=\"description\" content=\"Afyon&#039;da turbo tamiri ve enjekt\u00f6r pompa servisi i\u00e7in do\u011fru adres. Kaliteli hizmet ve garantili \u00e7\u00f6z\u00fcmler sizinle.\" \/>\n<meta name=\"robots\" content=\"index, follow, max-snippet:-1, max-image-preview:large, max-video-preview:-1\" \/>\n<link rel=\"canonical\" href=\"https:\/\/nazarturbodizel.com\/index.php\/hakkimizda\/\" \/>\n<meta property=\"og:locale\" content=\"tr_TR\" \/>\n<meta property=\"og:type\" content=\"article\" \/>\n<meta property=\"og:title\" content=\"Hakk\u0131m\u0131zda\" \/>\n<meta property=\"og:description\" content=\"Afyon\u2019da turbo enjekt\u00f6r pompa servisi ve turbo tamiri hizmetleri. Uzman ekiple kaliteli, garantili onar\u0131m ve bak\u0131m \u00e7\u00f6z\u00fcmleri. H\u0131zl\u0131 servis, uygun fiyat!\" \/>\n<meta property=\"og:url\" content=\"https:\/\/nazarturbodizel.com\/index.php\/hakkimizda\/\" \/>\n<meta property=\"og:site_name\" content=\"Afyon Nazar Turbo Enjekt\u00f6r Servisi\" \/>\n<meta property=\"article:modified_time\" content=\"2025-08-18T17:30:21+00:00\" \/>\n<meta property=\"og:image\" content=\"http:\/\/nazarturbodizel.com\/wp-content\/uploads\/2025\/08\/hakkimizda.jpg\" \/>\n<meta name=\"twitter:card\" content=\"summary_large_image\" \/>\n<meta name=\"twitter:label1\" content=\"Tahmini okuma s\u00fcresi\" \/>\n\t<meta name=\"twitter:data1\" content=\"3 dakika\" \/>\n<script type=\"application\/ld+json\" class=\"yoast-schema-graph\">{\"@context\":\"https:\/\/schema.org\",\"@graph\":[{\"@type\":\"WebPage\",\"@id\":\"https:\/\/nazarturbodizel.com\/index.php\/hakkimizda\/\",\"url\":\"https:\/\/nazarturbodizel.com\/index.php\/hakkimizda\/\",\"name\":\"Afyon turbo tamiri ile garantili hizmetler - Afyon Nazar Turbo Enjekt\u00f6r Servisi\",\"isPartOf\":{\"@id\":\"https:\/\/nazarturbodizel.com\/#website\"},\"primaryImageOfPage\":{\"@id\":\"https:\/\/nazarturbodizel.com\/index.php\/hakkimizda\/#primaryimage\"},\"image\":{\"@id\":\"https:\/\/nazarturbodizel.com\/index.php\/hakkimizda\/#primaryimage\"},\"thumbnailUrl\":\"http:\/\/nazarturbodizel.com\/wp-content\/uploads\/2025\/08\/hakkimizda.jpg\",\"datePublished\":\"2021-07-08T06:34:47+00:00\",\"dateModified\":\"2025-08-18T17:30:21+00:00\",\"description\":\"Afyon'da turbo tamiri ve enjekt\u00f6r pompa servisi i\u00e7in do\u011fru adres. Kaliteli hizmet ve garantili \u00e7\u00f6z\u00fcmler sizinle.\",\"breadcrumb\":{\"@id\":\"https:\/\/nazarturbodizel.com\/index.php\/hakkimizda\/#breadcrumb\"},\"inLanguage\":\"tr\",\"potentialAction\":[{\"@type\":\"ReadAction\",\"target\":[\"https:\/\/nazarturbodizel.com\/index.php\/hakkimizda\/\"]}]},{\"@type\":\"ImageObject\",\"inLanguage\":\"tr\",\"@id\":\"https:\/\/nazarturbodizel.com\/index.php\/hakkimizda\/#primaryimage\",\"url\":\"http:\/\/nazarturbodizel.com\/wp-content\/uploads\/2025\/08\/hakkimizda.jpg\",\"contentUrl\":\"http:\/\/nazarturbodizel.com\/wp-content\/uploads\/2025\/08\/hakkimizda.jpg\"},{\"@type\":\"BreadcrumbList\",\"@id\":\"https:\/\/nazarturbodizel.com\/index.php\/hakkimizda\/#breadcrumb\",\"itemListElement\":[{\"@type\":\"ListItem\",\"position\":1,\"name\":\"Home\",\"item\":\"https:\/\/nazarturbodizel.com\/\"},{\"@type\":\"ListItem\",\"position\":2,\"name\":\"Hakk\u0131m\u0131zda\"}]},{\"@type\":\"WebSite\",\"@id\":\"https:\/\/nazarturbodizel.com\/#website\",\"url\":\"https:\/\/nazarturbodizel.com\/\",\"name\":\"www.nazarturbodizel.com\",\"description\":\"Afyon turbo tamir rektife\",\"publisher\":{\"@id\":\"https:\/\/nazarturbodizel.com\/#organization\"},\"potentialAction\":[{\"@type\":\"SearchAction\",\"target\":{\"@type\":\"EntryPoint\",\"urlTemplate\":\"https:\/\/nazarturbodizel.com\/?s={search_term_string}\"},\"query-input\":{\"@type\":\"PropertyValueSpecification\",\"valueRequired\":true,\"valueName\":\"search_term_string\"}}],\"inLanguage\":\"tr\"},{\"@type\":\"Organization\",\"@id\":\"https:\/\/nazarturbodizel.com\/#organization\",\"name\":\"Afyon Nazar Turbo\",\"url\":\"https:\/\/nazarturbodizel.com\/\",\"logo\":{\"@type\":\"ImageObject\",\"inLanguage\":\"tr\",\"@id\":\"https:\/\/nazarturbodizel.com\/#\/schema\/logo\/image\/\",\"url\":\"https:\/\/nazarturbodizel.com\/wp-content\/uploads\/2025\/08\/nazar-logo-1.png\",\"contentUrl\":\"https:\/\/nazarturbodizel.com\/wp-content\/uploads\/2025\/08\/nazar-logo-1.png\",\"width\":451,\"height\":165,\"caption\":\"Afyon Nazar Turbo\"},\"image\":{\"@id\":\"https:\/\/nazarturbodizel.com\/#\/schema\/logo\/image\/\"}}]}<\/script>\n<!-- \/ Yoast SEO Premium plugin. -->","yoast_head_json":{"title":"Afyon turbo tamiri ile garantili hizmetler - Afyon Nazar Turbo Enjekt\u00f6r Servisi","description":"Afyon'da turbo tamiri ve enjekt\u00f6r pompa servisi i\u00e7in do\u011fru adres. Kaliteli hizmet ve garantili \u00e7\u00f6z\u00fcmler sizinle.","robots":{"index":"index","follow":"follow","max-snippet":"max-snippet:-1","max-image-preview":"max-image-preview:large","max-video-preview":"max-video-preview:-1"},"canonical":"https:\/\/nazarturbodizel.com\/index.php\/hakkimizda\/","og_locale":"tr_TR","og_type":"article","og_title":"Hakk\u0131m\u0131zda","og_description":"Afyon\u2019da turbo enjekt\u00f6r pompa servisi ve turbo tamiri hizmetleri. Uzman ekiple kaliteli, garantili onar\u0131m ve bak\u0131m \u00e7\u00f6z\u00fcmleri. H\u0131zl\u0131 servis, uygun fiyat!","og_url":"https:\/\/nazarturbodizel.com\/index.php\/hakkimizda\/","og_site_name":"Afyon Nazar Turbo Enjekt\u00f6r Servisi","article_modified_time":"2025-08-18T17:30:21+00:00","og_image":[{"url":"http:\/\/nazarturbodizel.com\/wp-content\/uploads\/2025\/08\/hakkimizda.jpg","type":"","width":"","height":""}],"twitter_card":"summary_large_image","twitter_misc":{"Tahmini okuma s\u00fcresi":"3 dakika"},"schema":{"@context":"https:\/\/schema.org","@graph":[{"@type":"WebPage","@id":"https:\/\/nazarturbodizel.com\/index.php\/hakkimizda\/","url":"https:\/\/nazarturbodizel.com\/index.php\/hakkimizda\/","name":"Afyon turbo tamiri ile garantili hizmetler - Afyon Nazar Turbo Enjekt\u00f6r Servisi","isPartOf":{"@id":"https:\/\/nazarturbodizel.com\/#website"},"primaryImageOfPage":{"@id":"https:\/\/nazarturbodizel.com\/index.php\/hakkimizda\/#primaryimage"},"image":{"@id":"https:\/\/nazarturbodizel.com\/index.php\/hakkimizda\/#primaryimage"},"thumbnailUrl":"http:\/\/nazarturbodizel.com\/wp-content\/uploads\/2025\/08\/hakkimizda.jpg","datePublished":"2021-07-08T06:34:47+00:00","dateModified":"2025-08-18T17:30:21+00:00","description":"Afyon'da turbo tamiri ve enjekt\u00f6r pompa servisi i\u00e7in do\u011fru adres. Kaliteli hizmet ve garantili \u00e7\u00f6z\u00fcmler sizinle.","breadcrumb":{"@id":"https:\/\/nazarturbodizel.com\/index.php\/hakkimizda\/#breadcrumb"},"inLanguage":"tr","potentialAction":[{"@type":"ReadAction","target":["https:\/\/nazarturbodizel.com\/index.php\/hakkimizda\/"]}]},{"@type":"ImageObject","inLanguage":"tr","@id":"https:\/\/nazarturbodizel.com\/index.php\/hakkimizda\/#primaryimage","url":"http:\/\/nazarturbodizel.com\/wp-content\/uploads\/2025\/08\/hakkimizda.jpg","contentUrl":"http:\/\/nazarturbodizel.com\/wp-content\/uploads\/2025\/08\/hakkimizda.jpg"},{"@type":"BreadcrumbList","@id":"https:\/\/nazarturbodizel.com\/index.php\/hakkimizda\/#breadcrumb","itemListElement":[{"@type":"ListItem","position":1,"name":"Home","item":"https:\/\/nazarturbodizel.com\/"},{"@type":"ListItem","position":2,"name":"Hakk\u0131m\u0131zda"}]},{"@type":"WebSite","@id":"https:\/\/nazarturbodizel.com\/#website","url":"https:\/\/nazarturbodizel.com\/","name":"www.nazarturbodizel.com","description":"Afyon turbo tamir rektife","publisher":{"@id":"https:\/\/nazarturbodizel.com\/#organization"},"potentialAction":[{"@type":"SearchAction","target":{"@type":"EntryPoint","urlTemplate":"https:\/\/nazarturbodizel.com\/?s={search_term_string}"},"query-input":{"@type":"PropertyValueSpecification","valueRequired":true,"valueName":"search_term_string"}}],"inLanguage":"tr"},{"@type":"Organization","@id":"https:\/\/nazarturbodizel.com\/#organization","name":"Afyon Nazar Turbo","url":"https:\/\/nazarturbodizel.com\/","logo":{"@type":"ImageObject","inLanguage":"tr","@id":"https:\/\/nazarturbodizel.com\/#\/schema\/logo\/image\/","url":"https:\/\/nazarturbodizel.com\/wp-content\/uploads\/2025\/08\/nazar-logo-1.png","contentUrl":"https:\/\/nazarturbodizel.com\/wp-content\/uploads\/2025\/08\/nazar-logo-1.png","width":451,"height":165,"caption":"Afyon Nazar Turbo"},"image":{"@id":"https:\/\/nazarturbodizel.com\/#\/schema\/logo\/image\/"}}]}},"_links":{"self":[{"href":"https:\/\/nazarturbodizel.com\/index.php\/wp-json\/wp\/v2\/pages\/85","targetHints":{"allow":["GET"]}}],"collection":[{"href":"https:\/\/nazarturbodizel.com\/index.php\/wp-json\/wp\/v2\/pages"}],"about":[{"href":"https:\/\/nazarturbodizel.com\/index.php\/wp-json\/wp\/v2\/types\/page"}],"author":[{"embeddable":true,"href":"https:\/\/nazarturbodizel.com\/index.php\/wp-json\/wp\/v2\/users\/1"}],"replies":[{"embeddable":true,"href":"https:\/\/nazarturbodizel.com\/index.php\/wp-json\/wp\/v2\/comments?post=85"}],"version-history":[{"count":11,"href":"https:\/\/nazarturbodizel.com\/index.php\/wp-json\/wp\/v2\/pages\/85\/revisions"}],"predecessor-version":[{"id":3045,"href":"https:\/\/nazarturbodizel.com\/index.php\/wp-json\/wp\/v2\/pages\/85\/revisions\/3045"}],"wp:attachment":[{"href":"https:\/\/nazarturbodizel.com\/index.php\/wp-json\/wp\/v2\/media?parent=85"}],"curies":[{"name":"wp","href":"https:\/\/api.w.org\/{rel}","templated":true}]}}